{"id":15,"date":"2021-12-29T22:54:24","date_gmt":"2021-12-29T21:54:24","guid":{"rendered":"http:\/\/ilovesilba.com\/index.php\/potvrda-rezervacije\/transakcija-nije-uspijela\/"},"modified":"2021-12-29T22:54:24","modified_gmt":"2021-12-29T21:54:24","slug":"transakcija-nije-uspijela","status":"publish","type":"page","link":"https:\/\/ilovesilba.com\/index.php\/potvrda-rezervacije\/transakcija-nije-uspijela\/","title":{"rendered":"Transakcija nije uspijela"},"content":{"rendered":"<p>Na\u017ealost, va\u0161a transakcija ne mo\u017ee se izvr\u0161iti sada.Molim poku\u0161ajte kasnije ili kontaktirajte nas.<\/p>\n","protected":false},"excerpt":{"rendered":"<p>Na\u017ealost, va\u0161a transakcija ne mo\u017ee se izvr\u0161iti sada.Molim poku\u0161ajte kasnije ili kontaktirajte nas.<\/p>\n","protected":false},"author":1,"featured_media":0,"parent":11,"menu_order":0,"comment_status":"closed","ping_status":"closed","template":"","meta":{"om_disable_all_campaigns":false,"_monsterinsights_skip_tracking":false,"_monsterinsights_sitenote_active":false,"_monsterinsights_sitenote_note":"","_monsterinsights_sitenote_category":0,"spay_email":"","footnotes":""},"class_list":["post-15","page","type-page","status-publish","hentry"],"_links":{"self":[{"href":"https:\/\/ilovesilba.com\/index.php\/wp-json\/wp\/v2\/pages\/15","targetHints":{"allow":["GET"]}}],"collection":[{"href":"https:\/\/ilovesilba.com\/index.php\/wp-json\/wp\/v2\/pages"}],"about":[{"href":"https:\/\/ilovesilba.com\/index.php\/wp-json\/wp\/v2\/types\/page"}],"author":[{"embeddable":true,"href":"https:\/\/ilovesilba.com\/index.php\/wp-json\/wp\/v2\/users\/1"}],"replies":[{"embeddable":true,"href":"https:\/\/ilovesilba.com\/index.php\/wp-json\/wp\/v2\/comments?post=15"}],"version-history":[{"count":0,"href":"https:\/\/ilovesilba.com\/index.php\/wp-json\/wp\/v2\/pages\/15\/revisions"}],"up":[{"embeddable":true,"href":"https:\/\/ilovesilba.com\/index.php\/wp-json\/wp\/v2\/pages\/11"}],"wp:attachment":[{"href":"https:\/\/ilovesilba.com\/index.php\/wp-json\/wp\/v2\/media?parent=15"}],"curies":[{"name":"wp","href":"https:\/\/api.w.org\/{rel}","templated":true}]}}